{"id":82,"date":"2019-12-21T18:58:28","date_gmt":"2019-12-21T18:58:28","guid":{"rendered":"http:\/\/nieuw.bijzpb.nl\/?page_id=82"},"modified":"2019-12-23T14:07:07","modified_gmt":"2019-12-23T14:07:07","slug":"sollicitatietraining","status":"publish","type":"page","link":"https:\/\/bijzpb.nl\/?page_id=82","title":{"rendered":"Sollicitatietraining"},"content":{"rendered":"<section  class='av_textblock_section av-k4iikkfa-d0b9953cc66cd5aeb1c9721785e0ea25'  itemscope=\"itemscope\" itemtype=\"https:\/\/schema.org\/CreativeWork\" ><div class='avia_textblock'  itemprop=\"text\" ><h5><span style=\"color: #008080;\"><strong>Sollicitatietraining<\/strong><\/span><\/h5>\n<table>\n<tbody>\n<tr>\n<td width=\"550\">\n<h5><span style=\"color: #008080;\"><strong>Doel<\/strong><\/span><\/h5>\n<p>De einddoelstelling van deze training is het verwerven van herkenning en inzicht in de aard van een sollicitatie als commercieel proces. In onze visie is solliciteren namelijk een kwestie van vraag en aanbod en dus van een goed verkoopverhaal.<\/p>\n<h5><span style=\"color: #008080;\"><strong>Inhoud<\/strong><\/span><\/h5>\n<p>Een (individuele) cursus solliciteren bestaat uit de volgende onderdelen:<\/p>\n<ul>\n<li>De persoon zelf, dwz. het besef c.q. de acceptatie van de eigen sterke en zwakke kanten en hun bruikbaarheid<\/li>\n<li>De andere partij; het bedrijf c.q. de baan<\/li>\n<li>De presentatie op papier: de CV<\/li>\n<li>De presentatie in persoon: het sollicitatiegesprek<\/li>\n<\/ul>\n<h5><span style=\"color: #008080;\"><strong>Duur<\/strong><\/span><\/h5>\n<p>Deze cursus beslaat 10 sessies van \u00e9\u00e9n tot anderhalf uur elk of zoveel meer als noodzakelijk. De cursus wordt individueel gegeven, waarvan \u00e9\u00e9n van de voordelen is, dat het eigen leertempo bepalend is. De oefengesprekken worden met video opgenomen. Dit materiaal wordt intensief ge\u00ebvalueerd.<\/td>\n<\/tr>\n<\/tbody>\n<\/table>\n<\/div><\/section>\n","protected":false},"excerpt":{"rendered":"","protected":false},"author":1,"featured_media":0,"parent":0,"menu_order":0,"comment_status":"closed","ping_status":"closed","template":"","meta":[],"_links":{"self":[{"href":"https:\/\/bijzpb.nl\/index.php?rest_route=\/wp\/v2\/pages\/82"}],"collection":[{"href":"https:\/\/bijzpb.nl\/index.php?rest_route=\/wp\/v2\/pages"}],"about":[{"href":"https:\/\/bijzpb.nl\/index.php?rest_route=\/wp\/v2\/types\/page"}],"author":[{"embeddable":true,"href":"https:\/\/bijzpb.nl\/index.php?rest_route=\/wp\/v2\/users\/1"}],"replies":[{"embeddable":true,"href":"https:\/\/bijzpb.nl\/index.php?rest_route=%2Fwp%2Fv2%2Fcomments&post=82"}],"version-history":[{"count":3,"href":"https:\/\/bijzpb.nl\/index.php?rest_route=\/wp\/v2\/pages\/82\/revisions"}],"predecessor-version":[{"id":223,"href":"https:\/\/bijzpb.nl\/index.php?rest_route=\/wp\/v2\/pages\/82\/revisions\/223"}],"wp:attachment":[{"href":"https:\/\/bijzpb.nl\/index.php?rest_route=%2Fwp%2Fv2%2Fmedia&parent=82"}],"curies":[{"name":"wp","href":"https:\/\/api.w.org\/{rel}","templated":true}]}}